{"id":301,"date":"2014-03-06T13:59:56","date_gmt":"2014-03-06T13:59:56","guid":{"rendered":"http:\/\/www.mlr-design.net\/homepage\/?lang=de"},"modified":"2018-04-30T17:10:35","modified_gmt":"2018-04-30T17:10:35","slug":"homepage","status":"publish","type":"page","link":"https:\/\/www.agencewebcdm.com\/de\/","title":{"rendered":"Homepage"},"content":{"rendered":"<div class=\"wpb-content-wrapper\"><p>[vc_row dt_no_mb=&#8221;no-margin&#8221; bg_color=&#8221;#ffffff&#8221;][vc_column][rev_slider_vc alias=&#8221;fullscreen-image-slider&#8221;][\/vc_column][\/vc_row][vc_row dt_no_mb=&#8221;no-margin&#8221; bg_color=&#8221;#fafafa&#8221; dt_padding_top=&#8221;100&#8243; dt_padding_bottom=&#8221;10&#8243; dt_id=&#8221;about&#8221;][vc_column][vc_row_inner][vc_column_inner]<div class=\"dt-title-wrapper\"><h1 class=\"section-title\">WIR GESTALTEN MLR DESIGN<\/h1><\/div><div style=\"clear:both; width:100%; height:60px\"><\/div>[\/vc_column_inner][\/vc_row_inner][vc_row_inner][vc_column_inner width=&#8221;2\/3&#8243; css_animation=&#8221;bottom-to-top&#8221;][vc_column_text]<\/p>\n<h2><strong>\u00dcber uns<\/strong><\/h2>\n<p style=\"text-align: justify;\">Entrepreneur in Stra\u00dfburg, in der 67, MLR-Entwurf ist hier Ihr Projekt zu realisieren, \u00fcberschaubare Website zu erstellen. Wir erstellen Ihre Pr\u00e4sentation Website \u00fcber Sie, Ihr Unternehmen, das Gesch\u00e4ft Ihres Unternehmens oder Ihrer Vereinigung zu lernen.<\/p>\n<p style=\"text-align: justify;\">Egal, ob Sie eine Einzelperson oder ein professionelles von kleinen und mittleren Struktur sind (Verb\u00e4nde, TPE, Handwerk, KMU etc.) haben wir die M\u00f6glichkeit, Ihr Projekt in Einklang zu vervollst\u00e4ndigen mit Ihren Anforderungen.<\/p>\n<p>[\/vc_column_text][\/vc_column_inner][vc_column_inner width=&#8221;1\/3&#8243;]<div style=\"clear:both; width:100%; height:20px\"><\/div><div class=\"skillbar clearfix \" data-percent=\"80%\"><div class=\"skillbar-title\"><span>HTML5<\/span><\/div><div class=\"skillbar-bar\"><\/div><div class=\"skill-bar-percent\">80%<\/div><\/div><div class=\"skillbar clearfix \" data-percent=\"99%\"><div class=\"skillbar-title\"><span>E-commerce<\/span><\/div><div class=\"skillbar-bar\"><\/div><div class=\"skill-bar-percent\">99%<\/div><\/div><div class=\"skillbar clearfix \" data-percent=\"95%\"><div class=\"skillbar-title\"><span>SEO<\/span><\/div><div class=\"skillbar-bar\"><\/div><div class=\"skill-bar-percent\">95%<\/div><\/div>[\/vc_column_inner][\/vc_row_inner][\/vc_column][\/vc_row][vc_row dt_no_mb=&#8221;no-margin&#8221; bg_color=&#8221;#ffffff&#8221; dt_padding_top=&#8221;100&#8243; dt_padding_bottom=&#8221;100&#8243;][vc_column][vc_row_inner][vc_column_inner]<div class=\"dt-title-wrapper\"><h1 class=\"section-title\">UNSERE KOMPETENZEN<\/h1><\/div><h2 class=\"section-tagline\">Wir spezialisieren uns auf eine breite Palette von Web-und Grafik F\u00e4higkeiten<\/h2>[\/vc_column_inner][\/vc_row_inner][vc_row_inner][vc_column_inner width=&#8221;1\/3&#8243; css_animation=&#8221;bottom-to-top&#8221;][vc_column_text]<\/p>\n<h2><strong>WEBDESIGN.<\/strong><\/h2>\n<p style=\"text-align: justify;\">Erstellung der grafischen Umgebung der Website. Full-Service-Web-Design und Grafik-Design f\u00fcr das Web, sowie eine pr\u00e4zise und effiziente L\u00f6sungen Entwicklung f\u00fcr Web-Anwendungen.<\/p>\n<p>[\/vc_column_text][\/vc_column_inner][vc_column_inner width=&#8221;1\/3&#8243; css_animation=&#8221;bottom-to-top&#8221;][vc_column_text]<\/p>\n<h2><strong>LOGO.<\/strong><\/h2>\n<p style=\"text-align: justify;\">Erstellung der visuellen Identit\u00e4t und Werbedienstleistungen &#8211; von Logos, \u00dcberschriften, Grafiken und Visitenkarten bis hin zu Komplettl\u00f6sungen von visuellen Identit\u00e4t.<\/p>\n<p>[\/vc_column_text][\/vc_column_inner][vc_column_inner width=&#8221;1\/3&#8243; css_animation=&#8221;bottom-to-top&#8221;][vc_column_text]<\/p>\n<h2><strong>E-COMMERCE.<\/strong><\/h2>\n<p style=\"text-align: justify;\">Entwicklung von E-Commerce-Online-Shops. Anwendungen des E-Commerce auf den Schl\u00fcssel, die aus leistungsf\u00e4higen und zuverl\u00e4ssigen Plattformen f\u00fcr den Verkehr optimiert und Google-Suche.<\/p>\n<p>[\/vc_column_text][\/vc_column_inner][\/vc_row_inner][vc_row_inner][vc_column_inner width=&#8221;1\/3&#8243; css_animation=&#8221;bottom-to-top&#8221;][vc_column_text]<\/p>\n<h2><strong>MARKETING.<\/strong><\/h2>\n<p style=\"text-align: justify;\">Effiziente Marketing-L\u00f6sungen und Strategien f\u00fcr Werbekampagnen und Vertrieb, personalisierte Newsletter-System und die Einbindung in soziale Netzwerke zu starten.<\/p>\n<p>[\/vc_column_text][\/vc_column_inner][vc_column_inner width=&#8221;2\/3&#8243; css_animation=&#8221;bottom-to-top&#8221;][vc_column_text]<\/p>\n<h2><strong>SEO.<\/strong><\/h2>\n<p style=\"text-align: justify;\">Optimierung der Inhalt einer Web-Seite f\u00fcr bestimmte Keywords optimale Web-SEO zu erreichen. SEO On-Site-Performance Off-Site, mit sichtbaren Ergebnissen. Die Optimierung geschieht mit Hilfe der neuesten Technologien auf dem Gebiet, die starken Empfehlungen von guten Charakter zu respektieren, und auf der Basis von Algorithmen Kunst.<\/p>\n<p>[\/vc_column_text][\/vc_column_inner][\/vc_row_inner][\/vc_column][\/vc_row][vc_row dt_text_scheme=&#8221;darker-overlay&#8221; dt_no_mb=&#8221;no-margin&#8221; bg_image=&#8221;94&#8243; bg_color=&#8221;#000000&#8243; dt_color_opacity=&#8221;70&#8243; dt_padding_top=&#8221;100&#8243; dt_padding_bottom=&#8221;100&#8243;][vc_column][vc_row_inner][vc_column_inner]<h2 class=\"parallax-quote\">\"La perfection est atteinte, non pas lorsqu'il n'y a plus rien \u00e0 ajouter, mais lorsqu'il n'y a plus rien \u00e0 retirer.\"<\/h2><span class=\"quote-author\">ANTOINE DE SAINT-EXUP\u00c9RY<\/span>[\/vc_column_inner][\/vc_row_inner][\/vc_column][\/vc_row][vc_row dt_no_mb=&#8221;no-margin&#8221; bg_color=&#8221;#ffffff&#8221; dt_color_opacity=&#8221;100&#8243; dt_padding_top=&#8221;100&#8243; dt_padding_bottom=&#8221;100&#8243; dt_id=&#8221;portofolio&#8221;][vc_column][vc_row_inner equal_height=&#8221;yes&#8221; content_placement=&#8221;middle&#8221; gap=&#8221;30&#8243;][vc_column_inner css_animation=&#8221;top-to-bottom&#8221;]<div class=\"dt-title-wrapper\"><h1 class=\"section-title\">Portofolio<\/h1><\/div>[\/vc_column_inner][\/vc_row_inner][\/vc_column][\/vc_row][vc_row dt_no_mb=&#8221;no-margin&#8221; bg_image=&#8221;211&#8243; bg_color=&#8221;#ffffff&#8221; dt_color_opacity=&#8221;70&#8243; dt_padding_top=&#8221;100&#8243; dt_padding_bottom=&#8221;100&#8243; dt_id=&#8221;services&#8221;][vc_column][vc_row_inner][vc_column_inner css_animation=&#8221;bottom-to-top&#8221;]<div class=\"dt-title-wrapper\"><h1 class=\"section-title\">Dienstleistungen<\/h1><\/div><div style=\"clear:both; width:100%; height:60px\"><\/div><div class=\"homepage-services\"><div class=\"dt-service-wrapper ser-32\"><div class=\"dt-service-item\"><i class=\"fa fa-newspaper-o\"><\/i><h3 class=\"service-title\">Site vitrine<\/h3><\/div><div class=\"dt-service-hover\"><i class=\"fa fa-newspaper-o\"><\/i><h3>Site vitrine<\/h3><p>Un site dit \"vitrine\" est un site de pr\u00e9sentation.<br><br>\r\n\r\nG\u00e9n\u00e9ralement, un site vitrine propose, sur 3 \u00e0 15 pages, des textes, photos et vid\u00e9os de pr\u00e9sentation. Il int\u00e8gre un formulaire de contact, mais aussi d\u2019autres options \u00e0 la demande du client, comme par exemple un plan de situation Googlemaps, un album photo, etc.\r\n\r\nNous r\u00e9alisons les sites vitrine via un CMS qui vous permettra ensuite d'administrer l'ensemble des contenus textes, photos et vid\u00e9os d\u2019une mani\u00e8re tr\u00e8s simple. Ceci permet une autonomie dans les mises \u00e0 jour de votre site Internet.\r\n\r\nLes d\u00e9lais de cr\u00e9ation d'un site vitrine sont de 10 \u00e0 30 jours apr\u00e8s r\u00e9ception de l'ensemble des textes, photos et vid\u00e9os. Le tarif varie en fonction du volume de contenus \u00e0 mettre en page et des exigences graphiques.\r\n\r\nPRIX: A partir de 300\u20ac HT\r\n<\/p><\/div><\/div><div class=\"dt-service-wrapper ser-31\"><div class=\"dt-service-item\"><i class=\"fa fa-cogs\"><\/i><h3 class=\"service-title\">Site dynamique<\/h3><\/div><div class=\"dt-service-hover\"><i class=\"fa fa-cogs\"><\/i><h3>Site dynamique<\/h3><p>Un site dynamique propose du contenu qui \u00e9volue souvent, les pages ne sont pas statiques, les contenus sont mis \u00e0 jour r\u00e9guli\u00e8rement et les interactions avec les Internautes visitant le site sont plus importantes.\r\nUn site dynamique peut int\u00e9grer un syst\u00e8me d'actualit\u00e9s (type blog) avec la possibilit\u00e9 d'ajouter des commentaires. Il peut \u00e9galement inclure une zone membres o\u00f9 des pages et des fichiers seront r\u00e9serv\u00e9s uniquement aux internautes inscrits.\r\n\r\nLes fonctionnalit\u00e9s d'un site dynamique sont \u00e0 d\u00e9finir avant la r\u00e9alisation du devis. Les tarifs \u00e9voluent avec le nombre des fonctionnalit\u00e9s \u00e0 pr\u00e9voir. \r\n\r\nPRIX : A partir de 400 \u20ac HT\r\n<\/p><\/div><\/div><div class=\"dt-service-wrapper ser-30\"><div class=\"dt-service-item\"><i class=\"fa fa-shopping-cart\"><\/i><h3 class=\"service-title\">Site e-commerce<\/h3><\/div><div class=\"dt-service-hover\"><i class=\"fa fa-shopping-cart\"><\/i><h3>Site e-commerce<\/h3><p>Un site e-commerce permet de vendre des produits ou services en ligne. Il int\u00e8gre des fonctionnalit\u00e9s comme le paiement par CB, la gestion des produits, la possibilit\u00e9 de lancer des op\u00e9rations marketing (baisse des prix, codes promo).\r\n\r\nIl convient de d\u00e9tailler au maximum les besoins pour r\u00e9aliser un devis pertinent.\r\n\r\nPRIX: A partir de 500\u20ac HT\r\n<\/p><\/div><\/div><div class=\"dt-service-wrapper ser-29\"><div class=\"dt-service-item\"><i class=\"fa fa-rocket\"><\/i><h3 class=\"service-title\">SEO<\/h3><\/div><div class=\"dt-service-hover\"><i class=\"fa fa-rocket\"><\/i><h3>SEO<\/h3><p>SEO (Search Engine Optimization - Optimisation pour les moteurs de recherche). Nous r\u00e9\u00e9crivons le code-source et optimisons le contenu du site web (vitrine ou e-commerce) afin que vos produits ou services apparaissent dans les premiers r\u00e9sultats lors d\u2019une recherche sur Google.\r\n\r\nPrix : \u00e0 partir de 100\u20ac HT.<\/p><\/div><\/div><\/div>[\/vc_column_inner][\/vc_row_inner][\/vc_column][\/vc_row][vc_row dt_no_mb=&#8221;no-margin&#8221; bg_color=&#8221;#ffffff&#8221; dt_color_opacity=&#8221;100&#8243; dt_padding_bottom=&#8221;100&#8243; dt_padding_top=&#8221;100&#8243;][vc_column][vc_column_text]<div class=\"dt-title-wrapper\"><h1 class=\"section-title\">Certains faits amusants<\/h1><\/div><div style=\"clear:both; width:100%; height:60px\"><\/div>[vc_row_inner][vc_column_inner width=&#8221;1\/4&#8243;]<div class=\"counter-wrapper\"><div class=\"counter-item no-border\"><span class=\"counter-number\" data-decimals=\"0\" data-from=\"1\" data-to=\"134\" data-speed=\"2000\"><\/span><span class=\"counter-text\">Kaffeetassen<\/span><\/div><div class=\"clear\"><\/div><\/div>[\/vc_column_inner][vc_column_inner width=&#8221;1\/4&#8243;]<div class=\"counter-wrapper\"><div class=\"counter-item with-border\"><span class=\"counter-number\" data-decimals=\"0\" data-from=\"1\" data-to=\"15\" data-speed=\"2000\"><\/span><span class=\"counter-text\">Gelieferte Projekte<\/span><\/div><div class=\"clear\"><\/div><\/div>[\/vc_column_inner][vc_column_inner width=&#8221;1\/4&#8243;]<div class=\"counter-wrapper\"><div class=\"counter-item with-border\"><span class=\"counter-number\" data-decimals=\"0\" data-from=\"1\" data-to=\"28\" data-speed=\"2000\"><\/span><span class=\"counter-text\">Abgeschlossene Aufgaben<\/span><\/div><div class=\"clear\"><\/div><\/div>[\/vc_column_inner][vc_column_inner width=&#8221;1\/4&#8243;]<div class=\"counter-wrapper\"><div class=\"counter-item with-border\"><span class=\"counter-number\" data-decimals=\"0\" data-from=\"1\" data-to=\"2400\" data-speed=\"2000\"><\/span><span class=\"counter-text\">Stunden online<\/span><\/div><div class=\"clear\"><\/div><\/div>[\/vc_column_inner][\/vc_row_inner][\/vc_column_text][\/vc_column][\/vc_row][vc_row video_raster=&#8221;yes&#8221; dt_text_scheme=&#8221;darker-overlay&#8221; dt_no_mb=&#8221;no-margin&#8221; bg_color=&#8221;#000000&#8243; dt_color_opacity=&#8221;70&#8243; dt_padding_top=&#8221;100&#8243; dt_padding_bottom=&#8221;100&#8243; dt_youtube_url=&#8221;https:\/\/www.youtube.com\/watch?v=3eG12pZbRr8&#8243; dt_id=&#8221;timelapse&#8221; bg_image=&#8221;109&#8243;][vc_column][vc_row_inner][vc_column_inner]<div class=\"dt-title-wrapper\"><h1 class=\"section-title\">Die Welt bewegt<\/h1><\/div><div style=\"clear:both; width:100%; height:60px\"><\/div>[\/vc_column_inner][\/vc_row_inner][vc_row_inner][vc_column_inner][vc_column_text]Wir wissen, dass Sie Ihr Projekt schnell ben\u00f6tigen. Wir wissen, dass Sie einen qualitativ hochwertigen Service w\u00fcnschen. Wir wissen, Sie werden die Ergebnisse vor allem genie\u00dfen.<\/p>\n<p>Das ist genau, warum wir qualitativ hochwertige Dienstleistungen zu g\u00fcnstigen Preisen anbieten und gleichzeitig sicherstellen, dass Ihr Projekt super schnell geliefert und sehr gut gemacht.[\/vc_column_text][\/vc_column_inner][\/vc_row_inner][\/vc_column][\/vc_row][vc_row dt_no_mb=&#8221;no-margin&#8221; bg_color=&#8221;#ffffff&#8221; dt_color_opacity=&#8221;100&#8243; dt_padding_top=&#8221;100&#8243; dt_padding_bottom=&#8221;100&#8243;][vc_column][vc_row_inner][vc_column_inner]<div class=\"dt-title-wrapper\"><h1 class=\"section-title\">Was erwarten Sie?<\/h1><\/div><div style=\"clear:both; width:100%; height:60px\"><\/div>[\/vc_column_inner][\/vc_row_inner][vc_row_inner][vc_column_inner][vc_column_text]Egal, ob Sie ein Preisangebot oder weitere Informationen \u00fcber unsere Dienstleistungen ben\u00f6tigen, z\u00f6gern Sie bitte nicht, uns zu kontaktieren unter den Online-Formular. Wir reagieren schnell und pr\u00e4zise.[\/vc_column_text][\/vc_column_inner][\/vc_row_inner][\/vc_column][\/vc_row][vc_row dt_text_scheme=&#8221;darker-overlay&#8221; dt_no_mb=&#8221;no-margin&#8221; bg_image=&#8221;113&#8243; bg_color=&#8221;#000000&#8243; dt_color_opacity=&#8221;70&#8243; dt_padding_top=&#8221;100&#8243; dt_padding_bottom=&#8221;100&#8243; dt_id=&#8221;contact&#8221;][vc_column][vc_row_inner][vc_column_inner]<div class=\"dt-title-wrapper\"><h1 class=\"section-title\">Contact<\/h1><\/div><div style=\"clear:both; width:100%; height:60px\"><\/div>[\/vc_column_inner][\/vc_row_inner][vc_row_inner][vc_column_inner width=&#8221;1\/2&#8243;][vc_column_text]<\/p>\n<h3>MLR Design<\/h3>\n<p><em>Auto-entrepreneur<\/em><br id=\"yiv0933802003yui_3_16_0_ym19_1_1467475796677_3679\" \/>Identifiant SIREN: 820 839 249<\/p>\n<ul class=\"contact-info\">\n<li>55, Avenue des Vosges &#8211; 67000 Strasbourg, France<\/li>\n<li>tel. <a href=\"tel:+33673943799\" rel=\"nofollow\">+33 6 73 94 37 99<\/a><\/li>\n<li><i class=\"fa fa-envelope\"><\/i> <a href=\"mailto:contact@agencewebcdm.com\" rel=\"nofollow\">contact@agencewebcdm.com<\/a><\/li>\n<li><i class=\"fa fa-globe\"><\/i> <a title=\"Webdesign Strasbourg\" href=\"https:\/\/www.agencewebcdm.com\">www.agencewebcdm.com<\/a><\/li>\n<\/ul>\n<p>[\/vc_column_text][\/vc_column_inner][vc_column_inner width=&#8221;1\/2&#8243;]\n<div class=\"wpcf7 no-js\" id=\"wpcf7-f69-o1\" lang=\"en-US\" dir=\"ltr\" data-wpcf7-id=\"69\">\n<div class=\"screen-reader-response\"><p role=\"status\" aria-live=\"polite\" aria-atomic=\"true\"><\/p> <ul><\/ul><\/div>\n<form action=\"\/de\/wp-json\/wp\/v2\/pages\/301#wpcf7-f69-o1\" method=\"post\" class=\"wpcf7-form init\" aria-label=\"Contact form\" novalidate=\"novalidate\" data-status=\"init\">\n<fieldset class=\"hidden-fields-container\"><input type=\"hidden\" name=\"_wpcf7\" value=\"69\" \/><input type=\"hidden\" name=\"_wpcf7_version\" value=\"6.1.1\" \/><input type=\"hidden\" name=\"_wpcf7_locale\" value=\"en_US\" \/><input type=\"hidden\" name=\"_wpcf7_unit_tag\" value=\"wpcf7-f69-o1\" \/><input type=\"hidden\" name=\"_wpcf7_container_post\" value=\"0\" \/><input type=\"hidden\" name=\"_wpcf7_posted_data_hash\" value=\"\" \/>\n<\/fieldset>\n<div class=\"percent-one-half\"> <br \/>\n<span class=\"wpcf7-form-control-wrap\" data-name=\"your-name\"><input size=\"40\" maxlength=\"400\" class=\"wpcf7-form-control wpcf7-text wpcf7-validates-as-required\" aria-required=\"true\" aria-invalid=\"false\" placeholder=\"Nom\" value=\"\" type=\"text\" name=\"your-name\" \/><\/span><br \/>\n<\/div><br \/>\n<div class=\"percent-one-half column-last\"> <br \/>\n<span class=\"wpcf7-form-control-wrap\" data-name=\"your-email\"><input size=\"40\" maxlength=\"400\" class=\"wpcf7-form-control wpcf7-email wpcf7-validates-as-required wpcf7-text wpcf7-validates-as-email\" aria-required=\"true\" aria-invalid=\"false\" placeholder=\"Email\" value=\"\" type=\"email\" name=\"your-email\" \/><\/span><br \/>\n<\/div><br \/>\n<span class=\"wpcf7-form-control-wrap\" data-name=\"your-message\"><textarea cols=\"40\" rows=\"10\" maxlength=\"2000\" class=\"wpcf7-form-control wpcf7-textarea wpcf7-validates-as-required\" aria-required=\"true\" aria-invalid=\"false\" placeholder=\"Message\" name=\"your-message\"><\/textarea><\/span><br \/>\n<input class=\"wpcf7-form-control wpcf7-submit has-spinner button black\" type=\"submit\" value=\"Envoyer\" \/>\n<\/p><p style=\"display: none !important;\" class=\"akismet-fields-container\" data-prefix=\"_wpcf7_ak_\"><label>&#916;<textarea name=\"_wpcf7_ak_hp_textarea\" cols=\"45\" rows=\"8\" maxlength=\"100\"><\/textarea><\/label><input type=\"hidden\" id=\"ak_js_1\" name=\"_wpcf7_ak_js\" value=\"203\"\/><script>document.getElementById( \"ak_js_1\" ).setAttribute( \"value\", ( new Date() ).getTime() );<\/script><\/p><div class=\"wpcf7-response-output\" aria-hidden=\"true\"><\/div>\n<\/form>\n<\/div>\n[\/vc_column_inner][\/vc_row_inner][\/vc_column][\/vc_row]<\/p>\n<\/div>","protected":false},"excerpt":{"rendered":"<p>[vc_row dt_no_mb=&#8221;no-margin&#8221; bg_color=&#8221;#ffffff&#8221;][vc_column][rev_slider_vc alias=&#8221;fullscreen-image-slider&#8221;][\/vc_column][\/vc_row][vc_row dt_no_mb=&#8221;no-margin&#8221; bg_color=&#8221;#fafafa&#8221; dt_padding_top=&#8221;100&#8243; dt_padding_bottom=&#8221;10&#8243; dt_id=&#8221;about&#8221;][vc_column][vc_row_inner][vc_column_inner][\/vc_column_inner][\/vc_row_inner][vc_row_inner][vc_column_inner width=&#8221;2\/3&#8243; css_animation=&#8221;bottom-to-top&#8221;][vc_column_text] \u00dcber uns Entrepreneur in Stra\u00dfburg, in der 67, MLR-Entwurf ist hier Ihr Projekt zu&#8230;<\/p>\n<p class=\"readmore\"><a class=\"more-btn\" href=\"https:\/\/www.agencewebcdm.com\/de\/services\/seo\/\">Read More<\/a><\/p>\n","protected":false},"author":1,"featured_media":0,"parent":0,"menu_order":0,"comment_status":"open","ping_status":"open","template":"template-homepage.php","meta":{"footnotes":""},"class_list":["post-301","page","type-page","status-publish","hentry"],"_links":{"self":[{"href":"https:\/\/www.agencewebcdm.com\/de\/wp-json\/wp\/v2\/pages\/301","targetHints":{"allow":["GET"]}}],"collection":[{"href":"https:\/\/www.agencewebcdm.com\/de\/wp-json\/wp\/v2\/pages"}],"about":[{"href":"https:\/\/www.agencewebcdm.com\/de\/wp-json\/wp\/v2\/types\/page"}],"author":[{"embeddable":true,"href":"https:\/\/www.agencewebcdm.com\/de\/wp-json\/wp\/v2\/users\/1"}],"replies":[{"embeddable":true,"href":"https:\/\/www.agencewebcdm.com\/de\/wp-json\/wp\/v2\/comments?post=301"}],"version-history":[{"count":0,"href":"https:\/\/www.agencewebcdm.com\/de\/wp-json\/wp\/v2\/pages\/301\/revisions"}],"wp:attachment":[{"href":"https:\/\/www.agencewebcdm.com\/de\/wp-json\/wp\/v2\/media?parent=301"}],"curies":[{"name":"wp","href":"https:\/\/api.w.org\/{rel}","templated":true}]}}