{"id":300,"date":"2014-03-06T13:59:56","date_gmt":"2014-03-06T13:59:56","guid":{"rendered":"http:\/\/www.mlr-design.net\/homepage\/?lang=en"},"modified":"2018-04-30T17:10:19","modified_gmt":"2018-04-30T17:10:19","slug":"homepage","status":"publish","type":"page","link":"https:\/\/www.agencewebcdm.com\/en\/","title":{"rendered":"Homepage"},"content":{"rendered":"<div class=\"wpb-content-wrapper\"><p>[vc_row dt_no_mb=&#8221;no-margin&#8221; bg_color=&#8221;#ffffff&#8221;][vc_column][rev_slider_vc alias=&#8221;fullscreen-image-slider&#8221;][\/vc_column][\/vc_row][vc_row dt_no_mb=&#8221;no-margin&#8221; bg_color=&#8221;#fafafa&#8221; dt_padding_top=&#8221;100&#8243; dt_padding_bottom=&#8221;10&#8243; dt_id=&#8221;about&#8221;][vc_column][vc_row_inner][vc_column_inner]<div class=\"dt-title-wrapper\"><h1 class=\"section-title\">We are MLR Design<\/h1><\/div><div style=\"clear:both; width:100%; height:60px\"><\/div>[\/vc_column_inner][\/vc_row_inner][vc_row_inner][vc_column_inner width=&#8221;2\/3&#8243; css_animation=&#8221;bottom-to-top&#8221;][vc_column_text]<\/p>\n<h2><strong>ABOUT US<br \/>\n<\/strong><\/h2>\n<p>Self-entrepreneur located in Strasbourg, in the 67, <strong>MLR Design<\/strong> is there to realize your project of creation of website managed. We create your presentation site to inform you, your activity, the activity of your company or association.<\/p>\n<p>Whether you are an individual or a small and medium-sized professional (Associations, TPE, Craftsmen, SME etc.) we have the capacity to realize your project in accordance with your needs.[\/vc_column_text][\/vc_column_inner][vc_column_inner width=&#8221;1\/3&#8243;]<div style=\"clear:both; width:100%; height:20px\"><\/div><div class=\"skillbar clearfix \" data-percent=\"80%\"><div class=\"skillbar-title\"><span>HTML5<\/span><\/div><div class=\"skillbar-bar\"><\/div><div class=\"skill-bar-percent\">80%<\/div><\/div><div class=\"skillbar clearfix \" data-percent=\"99%\"><div class=\"skillbar-title\"><span>E-commerce<\/span><\/div><div class=\"skillbar-bar\"><\/div><div class=\"skill-bar-percent\">99%<\/div><\/div><div class=\"skillbar clearfix \" data-percent=\"95%\"><div class=\"skillbar-title\"><span>SEO<\/span><\/div><div class=\"skillbar-bar\"><\/div><div class=\"skill-bar-percent\">95%<\/div><\/div>[\/vc_column_inner][\/vc_row_inner][\/vc_column][\/vc_row][vc_row dt_no_mb=&#8221;no-margin&#8221; bg_color=&#8221;#ffffff&#8221; dt_padding_top=&#8221;100&#8243; dt_padding_bottom=&#8221;100&#8243;][vc_column][vc_row_inner][vc_column_inner]<div class=\"dt-title-wrapper\"><h1 class=\"section-title\">Our skills<\/h1><\/div><h2 class=\"section-tagline\">We specialize in a full range of web and graphic skills<\/h2>[\/vc_column_inner][\/vc_row_inner][vc_row_inner][vc_column_inner width=&#8221;1\/3&#8243; css_animation=&#8221;bottom-to-top&#8221;][vc_column_text]<\/p>\n<h2><strong>WEBDESIGN.<\/strong><\/h2>\n<p>Creation of the graphical environment of the website. Comprehensive webdesign and web design services, as well as accurate and efficient development solutions for web applications.[\/vc_column_text][\/vc_column_inner][vc_column_inner width=&#8221;1\/3&#8243; css_animation=&#8221;bottom-to-top&#8221;][vc_column_text]<\/p>\n<h2><strong>LOGO.<\/strong><\/h2>\n<p>Creation of the visual identity and promotional services &#8211; from logos, headers, graphic elements and business cards to complete visual identity solutions[\/vc_column_text][\/vc_column_inner][vc_column_inner width=&#8221;1\/3&#8243; css_animation=&#8221;bottom-to-top&#8221;][vc_column_text]<\/p>\n<h2><strong>E-COMMERCE.<\/strong><\/h2>\n<p>Development of e-commerce shops online. E-commerce applications to the key, built on powerful and reliable platforms, optimized for traffic and search on Google.[\/vc_column_text][\/vc_column_inner][\/vc_row_inner][vc_row_inner][vc_column_inner width=&#8221;1\/3&#8243; css_animation=&#8221;bottom-to-top&#8221;][vc_column_text]<\/p>\n<h2><strong>MARKETING.<\/strong><\/h2>\n<p>Efficient marketing solutions and strategies for launching promotional and sales campaigns, a personalized newsletter system and integration into social networks.[\/vc_column_text][\/vc_column_inner][vc_column_inner width=&#8221;2\/3&#8243; css_animation=&#8221;bottom-to-top&#8221;][vc_column_text]<\/p>\n<h2><strong>SEO.<\/strong><\/h2>\n<p>Optimization of the content of a web page for certain specific keywords in order to obtain an optimal web referencing. SEO on-site and off-site performance, with visible results. Optimization is done using the latest technologies in this field, respecting solid recommendations of good morals, and based on state-of-the-art algorithms.[\/vc_column_text][\/vc_column_inner][\/vc_row_inner][\/vc_column][\/vc_row][vc_row dt_text_scheme=&#8221;darker-overlay&#8221; dt_no_mb=&#8221;no-margin&#8221; bg_image=&#8221;94&#8243; bg_color=&#8221;#000000&#8243; dt_color_opacity=&#8221;70&#8243; dt_padding_top=&#8221;100&#8243; dt_padding_bottom=&#8221;100&#8243;][vc_column][vc_row_inner][vc_column_inner]<h2 class=\"parallax-quote\">\"La perfection est atteinte, non pas lorsqu'il n'y a plus rien \u00e0 ajouter, mais lorsqu'il n'y a plus rien \u00e0 retirer.\"<\/h2><span class=\"quote-author\">ANTOINE DE SAINT-EXUP\u00c9RY<\/span>[\/vc_column_inner][\/vc_row_inner][\/vc_column][\/vc_row][vc_row dt_no_mb=&#8221;no-margin&#8221; bg_color=&#8221;#ffffff&#8221; dt_color_opacity=&#8221;100&#8243; dt_padding_top=&#8221;100&#8243; dt_padding_bottom=&#8221;100&#8243; dt_id=&#8221;portofolio&#8221;][vc_column][vc_row_inner equal_height=&#8221;yes&#8221; content_placement=&#8221;middle&#8221; gap=&#8221;30&#8243;][vc_column_inner css_animation=&#8221;top-to-bottom&#8221;]<div class=\"dt-title-wrapper\"><h1 class=\"section-title\">Portofolio<\/h1><\/div>[\/vc_column_inner][\/vc_row_inner][\/vc_column][\/vc_row][vc_row dt_no_mb=&#8221;no-margin&#8221; bg_image=&#8221;211&#8243; bg_color=&#8221;#ffffff&#8221; dt_color_opacity=&#8221;70&#8243; dt_padding_top=&#8221;100&#8243; dt_padding_bottom=&#8221;100&#8243; dt_id=&#8221;services&#8221;][vc_column][vc_row_inner][vc_column_inner css_animation=&#8221;bottom-to-top&#8221;]<div class=\"dt-title-wrapper\"><h1 class=\"section-title\">Services<\/h1><\/div><div style=\"clear:both; width:100%; height:60px\"><\/div><div class=\"homepage-services\"><div class=\"dt-service-wrapper ser-32\"><div class=\"dt-service-item\"><i class=\"fa fa-newspaper-o\"><\/i><h3 class=\"service-title\">Presentation website<\/h3><\/div><div class=\"dt-service-hover\"><i class=\"fa fa-newspaper-o\"><\/i><h3>Presentation website<\/h3><p>A site called \"showcase\" is a presentation site.\r\n\r\nGenerally, a site showcases, on 3 to 15 pages, texts, photos and videos of presentation. It includes a contact form, but also other options as requested by the client, such as a Googlemaps map, a photo album, and more.\r\n\r\nWe realize the showcase sites via a CMS which will then allow you to administer all the contents of texts, photos and videos in a very simple way. This allows an autonomy in the updates of your Internet site.\r\nThe deadlines for creating a showcase site are 10 to 30 days after receipt of all texts, photos and videos. The tariff varies according to the volume of content to be laid out and the graphic requirements.\r\n\r\nPRICE: From 300 \u20ac HT<\/p><\/div><\/div><div class=\"dt-service-wrapper ser-31\"><div class=\"dt-service-item\"><i class=\"fa fa-cogs\"><\/i><h3 class=\"service-title\">Dynamic website<\/h3><\/div><div class=\"dt-service-hover\"><i class=\"fa fa-cogs\"><\/i><h3>Dynamic website<\/h3><p>A dynamic site offers content that evolves often, the pages are not static, the contents are updated regularly and the interactions with the Internet users visiting the site are more important.\r\n\r\nA dynamic site can integrate a news system (blog type) with the possibility of adding comments. It can also include a member zone where pages and files will be reserved only to registered users.\r\n\r\nThe functionalities of a dynamic site must be defined before the realization of the estimate. The rates evolve with the number of features to be expected.\r\n\r\nPRICE: From 400 \u20ac HT<\/p><\/div><\/div><div class=\"dt-service-wrapper ser-30\"><div class=\"dt-service-item\"><i class=\"fa fa-shopping-cart\"><\/i><h3 class=\"service-title\">E-commerce website<\/h3><\/div><div class=\"dt-service-hover\"><i class=\"fa fa-shopping-cart\"><\/i><h3>E-commerce website<\/h3><p>An e-commerce site allows you to sell products or services online. It integrates features such as payment by credit card, management of carriers, the possibility of launching marketing operations (lower prices, promo codes) etc.\r\n\r\nIt is necessary to detail as much as possible the needs to make a relevant estimate.\r\n\r\nPRICE: From 500 \u20ac excl. VAT<\/p><\/div><\/div><div class=\"dt-service-wrapper ser-29\"><div class=\"dt-service-item\"><i class=\"fa fa-rocket\"><\/i><h3 class=\"service-title\">SEO<\/h3><\/div><div class=\"dt-service-hover\"><i class=\"fa fa-rocket\"><\/i><h3>SEO<\/h3><p>SEO (Search Engine Optimization). We will rewrite the source code and optimise the content of the website, whether it is a presentation website or eCommerce shop, so that your products will rank on top places in Google searches.\r\n\r\nPrice :starting at 100\u20ac HT.<\/p><\/div><\/div><\/div>[\/vc_column_inner][\/vc_row_inner][\/vc_column][\/vc_row][vc_row dt_no_mb=&#8221;no-margin&#8221; bg_color=&#8221;#ffffff&#8221; dt_color_opacity=&#8221;100&#8243; dt_padding_bottom=&#8221;100&#8243; dt_padding_top=&#8221;100&#8243;][vc_column][vc_column_text]<div class=\"dt-title-wrapper\"><h1 class=\"section-title\">Certains faits amusants<\/h1><\/div><div style=\"clear:both; width:100%; height:60px\"><\/div>[vc_row_inner][vc_column_inner width=&#8221;1\/4&#8243;]<div class=\"counter-wrapper\"><div class=\"counter-item no-border\"><span class=\"counter-number\" data-decimals=\"0\" data-from=\"1\" data-to=\"134\" data-speed=\"2000\"><\/span><span class=\"counter-text\">Cups of coffee<\/span><\/div><div class=\"clear\"><\/div><\/div>[\/vc_column_inner][vc_column_inner width=&#8221;1\/4&#8243;]<div class=\"counter-wrapper\"><div class=\"counter-item with-border\"><span class=\"counter-number\" data-decimals=\"0\" data-from=\"1\" data-to=\"15\" data-speed=\"2000\"><\/span><span class=\"counter-text\">Completed projects<\/span><\/div><div class=\"clear\"><\/div><\/div>[\/vc_column_inner][vc_column_inner width=&#8221;1\/4&#8243;]<div class=\"counter-wrapper\"><div class=\"counter-item with-border\"><span class=\"counter-number\" data-decimals=\"0\" data-from=\"1\" data-to=\"28\" data-speed=\"2000\"><\/span><span class=\"counter-text\">Completed tasks<\/span><\/div><div class=\"clear\"><\/div><\/div>[\/vc_column_inner][vc_column_inner width=&#8221;1\/4&#8243;]<div class=\"counter-wrapper\"><div class=\"counter-item with-border\"><span class=\"counter-number\" data-decimals=\"0\" data-from=\"1\" data-to=\"2400\" data-speed=\"2000\"><\/span><span class=\"counter-text\">Hours online<\/span><\/div><div class=\"clear\"><\/div><\/div>[\/vc_column_inner][\/vc_row_inner][\/vc_column_text][\/vc_column][\/vc_row][vc_row video_raster=&#8221;yes&#8221; dt_text_scheme=&#8221;darker-overlay&#8221; dt_no_mb=&#8221;no-margin&#8221; bg_color=&#8221;#000000&#8243; dt_color_opacity=&#8221;70&#8243; dt_padding_top=&#8221;100&#8243; dt_padding_bottom=&#8221;100&#8243; dt_youtube_url=&#8221;https:\/\/www.youtube.com\/watch?v=3eG12pZbRr8&#8243; dt_id=&#8221;timelapse&#8221; bg_image=&#8221;109&#8243;][vc_column][vc_row_inner][vc_column_inner]<div class=\"dt-title-wrapper\"><h1 class=\"section-title\">Le monde est en mouvement<\/h1><\/div><div style=\"clear:both; width:100%; height:60px\"><\/div>[\/vc_column_inner][\/vc_row_inner][vc_row_inner][vc_column_inner][vc_column_text]Nous savons que vous avez besoin de votre projet rapidement. Nous savons que vous voulez un service de haute qualit\u00e9. Nous savons que vous appr\u00e9ciez les r\u00e9sultats ci-dessus tout.<\/p>\n<p>Voil\u00e0 pr\u00e9cis\u00e9ment pourquoi nous offrons des services de haute qualit\u00e9 \u00e0 d&#8217;excellents prix, tout en vous assurant que votre projet est livr\u00e9 ultra-rapide et parfaitement bien fait.[\/vc_column_text][\/vc_column_inner][\/vc_row_inner][\/vc_column][\/vc_row][vc_row dt_no_mb=&#8221;no-margin&#8221; bg_color=&#8221;#ffffff&#8221; dt_color_opacity=&#8221;100&#8243; dt_padding_top=&#8221;100&#8243; dt_padding_bottom=&#8221;100&#8243;][vc_column][vc_row_inner][vc_column_inner]<div class=\"dt-title-wrapper\"><h1 class=\"section-title\">Qu'est-ce que vous attendez?<\/h1><\/div><div style=\"clear:both; width:100%; height:60px\"><\/div>[\/vc_column_inner][\/vc_row_inner][vc_row_inner][vc_column_inner][vc_column_text]Que vous ayez besoin d&#8217;une demande de prix ou plus d&#8217;informations sur nos services, s&#8217;il vous pla\u00eet ne pas h\u00e9siter \u00e0 nous contacter via le formulaire en ligne ci-dessous. Nous r\u00e9pondons rapidement et pr\u00e9cis.[\/vc_column_text][\/vc_column_inner][\/vc_row_inner][\/vc_column][\/vc_row][vc_row dt_text_scheme=&#8221;darker-overlay&#8221; dt_no_mb=&#8221;no-margin&#8221; bg_image=&#8221;113&#8243; bg_color=&#8221;#000000&#8243; dt_color_opacity=&#8221;70&#8243; dt_padding_top=&#8221;100&#8243; dt_padding_bottom=&#8221;100&#8243; dt_id=&#8221;contact&#8221;][vc_column][vc_row_inner][vc_column_inner]<div class=\"dt-title-wrapper\"><h1 class=\"section-title\">Contact<\/h1><\/div><div style=\"clear:both; width:100%; height:60px\"><\/div>[\/vc_column_inner][\/vc_row_inner][vc_row_inner][vc_column_inner width=&#8221;1\/2&#8243;][vc_column_text]<\/p>\n<h3>MLR Design<\/h3>\n<p><em>Auto-entrepreneur<\/em><br id=\"yiv0933802003yui_3_16_0_ym19_1_1467475796677_3679\" \/>Identifiant SIREN: 820 839 249<\/p>\n<ul class=\"contact-info\">\n<li>55, Avenue des Vosges &#8211; 67000 Strasbourg, France<\/li>\n<li>tel. <a href=\"tel:+33673943799\" rel=\"nofollow\">+33 6 73 94 37 99<\/a><\/li>\n<li><i class=\"fa fa-envelope\"><\/i> <a href=\"mailto:contact@agencewebcdm.com\" rel=\"nofollow\">contact@agencewebcdm.com<\/a><\/li>\n<li><i class=\"fa fa-globe\"><\/i> <a title=\"Webdesign Strasbourg\" href=\"https:\/\/www.agencewebcdm.com\">www.agencewebcdm.com<\/a><\/li>\n<\/ul>\n<p>[\/vc_column_text][\/vc_column_inner][vc_column_inner width=&#8221;1\/2&#8243;]\n<div class=\"wpcf7 no-js\" id=\"wpcf7-f69-o1\" lang=\"en-US\" dir=\"ltr\" data-wpcf7-id=\"69\">\n<div class=\"screen-reader-response\"><p role=\"status\" aria-live=\"polite\" aria-atomic=\"true\"><\/p> <ul><\/ul><\/div>\n<form action=\"\/en\/wp-json\/wp\/v2\/pages\/300#wpcf7-f69-o1\" method=\"post\" class=\"wpcf7-form init\" aria-label=\"Contact form\" novalidate=\"novalidate\" data-status=\"init\">\n<fieldset class=\"hidden-fields-container\"><input type=\"hidden\" name=\"_wpcf7\" value=\"69\" \/><input type=\"hidden\" name=\"_wpcf7_version\" value=\"6.1.1\" \/><input type=\"hidden\" name=\"_wpcf7_locale\" value=\"en_US\" \/><input type=\"hidden\" name=\"_wpcf7_unit_tag\" value=\"wpcf7-f69-o1\" \/><input type=\"hidden\" name=\"_wpcf7_container_post\" value=\"0\" \/><input type=\"hidden\" name=\"_wpcf7_posted_data_hash\" value=\"\" \/>\n<\/fieldset>\n<div class=\"percent-one-half\"> <br \/>\n<span class=\"wpcf7-form-control-wrap\" data-name=\"your-name\"><input size=\"40\" maxlength=\"400\" class=\"wpcf7-form-control wpcf7-text wpcf7-validates-as-required\" aria-required=\"true\" aria-invalid=\"false\" placeholder=\"Nom\" value=\"\" type=\"text\" name=\"your-name\" \/><\/span><br \/>\n<\/div><br \/>\n<div class=\"percent-one-half column-last\"> <br \/>\n<span class=\"wpcf7-form-control-wrap\" data-name=\"your-email\"><input size=\"40\" maxlength=\"400\" class=\"wpcf7-form-control wpcf7-email wpcf7-validates-as-required wpcf7-text wpcf7-validates-as-email\" aria-required=\"true\" aria-invalid=\"false\" placeholder=\"Email\" value=\"\" type=\"email\" name=\"your-email\" \/><\/span><br \/>\n<\/div><br \/>\n<span class=\"wpcf7-form-control-wrap\" data-name=\"your-message\"><textarea cols=\"40\" rows=\"10\" maxlength=\"2000\" class=\"wpcf7-form-control wpcf7-textarea wpcf7-validates-as-required\" aria-required=\"true\" aria-invalid=\"false\" placeholder=\"Message\" name=\"your-message\"><\/textarea><\/span><br \/>\n<input class=\"wpcf7-form-control wpcf7-submit has-spinner button black\" type=\"submit\" value=\"Envoyer\" \/>\n<\/p><p style=\"display: none !important;\" class=\"akismet-fields-container\" data-prefix=\"_wpcf7_ak_\"><label>&#916;<textarea name=\"_wpcf7_ak_hp_textarea\" cols=\"45\" rows=\"8\" maxlength=\"100\"><\/textarea><\/label><input type=\"hidden\" id=\"ak_js_1\" name=\"_wpcf7_ak_js\" value=\"44\"\/><script>document.getElementById( \"ak_js_1\" ).setAttribute( \"value\", ( new Date() ).getTime() );<\/script><\/p><div class=\"wpcf7-response-output\" aria-hidden=\"true\"><\/div>\n<\/form>\n<\/div>\n[\/vc_column_inner][\/vc_row_inner][\/vc_column][\/vc_row]<\/p>\n<\/div>","protected":false},"excerpt":{"rendered":"<p>[vc_row dt_no_mb=&#8221;no-margin&#8221; bg_color=&#8221;#ffffff&#8221;][vc_column][rev_slider_vc alias=&#8221;fullscreen-image-slider&#8221;][\/vc_column][\/vc_row][vc_row dt_no_mb=&#8221;no-margin&#8221; bg_color=&#8221;#fafafa&#8221; dt_padding_top=&#8221;100&#8243; dt_padding_bottom=&#8221;10&#8243; dt_id=&#8221;about&#8221;][vc_column][vc_row_inner][vc_column_inner][\/vc_column_inner][\/vc_row_inner][vc_row_inner][vc_column_inner width=&#8221;2\/3&#8243; css_animation=&#8221;bottom-to-top&#8221;][vc_column_text] ABOUT US Self-entrepreneur located in Strasbourg, in the 67, MLR Design is there to&#8230;<\/p>\n<p class=\"readmore\"><a class=\"more-btn\" href=\"https:\/\/www.agencewebcdm.com\/en\/services\/seo\/\">Read More<\/a><\/p>\n","protected":false},"author":1,"featured_media":0,"parent":0,"menu_order":0,"comment_status":"open","ping_status":"open","template":"template-homepage.php","meta":{"footnotes":""},"class_list":["post-300","page","type-page","status-publish","hentry"],"_links":{"self":[{"href":"https:\/\/www.agencewebcdm.com\/en\/wp-json\/wp\/v2\/pages\/300","targetHints":{"allow":["GET"]}}],"collection":[{"href":"https:\/\/www.agencewebcdm.com\/en\/wp-json\/wp\/v2\/pages"}],"about":[{"href":"https:\/\/www.agencewebcdm.com\/en\/wp-json\/wp\/v2\/types\/page"}],"author":[{"embeddable":true,"href":"https:\/\/www.agencewebcdm.com\/en\/wp-json\/wp\/v2\/users\/1"}],"replies":[{"embeddable":true,"href":"https:\/\/www.agencewebcdm.com\/en\/wp-json\/wp\/v2\/comments?post=300"}],"version-history":[{"count":0,"href":"https:\/\/www.agencewebcdm.com\/en\/wp-json\/wp\/v2\/pages\/300\/revisions"}],"wp:attachment":[{"href":"https:\/\/www.agencewebcdm.com\/en\/wp-json\/wp\/v2\/media?parent=300"}],"curies":[{"name":"wp","href":"https:\/\/api.w.org\/{rel}","templated":true}]}}